{"id":7383,"date":"2022-02-28T09:52:14","date_gmt":"2022-02-28T08:52:14","guid":{"rendered":"https:\/\/www.dinos.si\/nasa-vizija-poslanstvo\/"},"modified":"2025-05-23T09:09:14","modified_gmt":"2025-05-23T07:09:14","slug":"our-vision-mission","status":"publish","type":"page","link":"https:\/\/www.dinos.si\/en\/about-us\/our-vision-mission\/","title":{"rendered":"Our Vision \/ Mission"},"content":{"rendered":"<div id=\"\" class=\"ow_container_section  pt48 pb160 white\">\n    <div class=\"container\">\n        <div class=\"content\">\n            \n\n<div class=\"wp-block-columns res-tablet-one-column is-layout-flex wp-container-core-columns-is-layout-9d6595d7 wp-block-columns-is-layout-flex\">\n<div class=\"wp-block-column pr80 is-layout-flow wp-block-column-is-layout-flow\" style=\"flex-basis:50%\">\n<h1 class=\"wp-block-heading mb32\">Vision and Mission<\/h1>\n\n\n\n<p>We aim to remain the leading company in waste collection and processing, using cutting-edge technologies and working in synergy with all stakeholders to protect the environment and promote sustainable development.<\/p>\n\n\n\n<p>For this purpose, we continuously seek new solutions and improvements to increase recycling rates and reduce environmental pollution. We remain committed to giving waste a new life and preserving valuable natural resources\u2014for ourselves, for you, and for all of us.<\/p>\n\n\n\n<p id=\"\" class=\"button-dinos-wrapper \">\n    <a class=\"button-dinos \"\n       href=\"#vision\"\n       target=\"\">Read more<\/a>\n<\/p>\n<\/div>\n\n\n\n<div class=\"wp-block-column is-layout-flow wp-block-column-is-layout-flow\" style=\"flex-basis:50%\">\n<div id=\"\"\n     class=\"round-image-over-video image--round image--over-big \">\n    <img loading=\"lazy\" decoding=\"async\" width=\"990\" height=\"988\" src=\"https:\/\/www.dinos.si\/wp-content\/uploads\/2022\/06\/0996d910804120063121f4d95de2c470.png\" class=\"attachment-large size-large\" alt=\"\" srcset=\"https:\/\/www.dinos.si\/wp-content\/uploads\/2022\/06\/0996d910804120063121f4d95de2c470.png 990w, https:\/\/www.dinos.si\/wp-content\/uploads\/2022\/06\/0996d910804120063121f4d95de2c470-14x14.png 14w\" sizes=\"auto, (max-width: 990px) 100vw, 990px\" \/>    <\/div>\n<\/div>\n<\/div>\n\n\n        <\/div>\n    <\/div>\n<\/div>\n\n<div id=\"\" class=\"ow_container_section  ptb64 gradient-blue\">\n    <div class=\"container\">\n        <div class=\"content\">\n            \n\n<div class=\"wp-block-columns is-layout-flex wp-container-core-columns-is-layout-9d6595d7 wp-block-columns-is-layout-flex\">\n<div class=\"wp-block-column mbp16 is-layout-flow wp-block-column-is-layout-flow\">\n<h2 class=\"wp-block-heading\">Your first choice<\/h2>\n\n\n\n<p>For over 75 years, we have been supporting industry, businesses, and households through the collection and recycling of waste materials. SWith the goal of preserving natural resources, we seek new solutions every day for recycling waste materials that are difficult or nearly impossible to recycle (e.g. plastics).<\/p>\n\n\n\n<p>Our goal is to be first\u2014not just in procurement and sales, but also in identifying new market needs. We want to be the first choice for anyone facing the question of where to dispose of waste materials.<\/p>\n<\/div>\n\n\n\n<div class=\"wp-block-column is-layout-flow wp-block-column-is-layout-flow\">\n<div id=\"\" class=\"cube  check-marks-list cube--white\">\n    \n\n<h3 class=\"wp-block-heading\">Our core values:<\/h3>\n\n\n\n    <ul id=\"\" class=\"list-yes-no \">\n                    <li class=\"icon-yes\">Team spirit<\/li>\n                    <li class=\"icon-yes\">Open-mindedness<\/li>\n                    <li class=\"icon-yes\">Mutual respect<\/li>\n                    <li class=\"icon-yes\">Goal orientation<\/li>\n                    <li class=\"icon-yes\">Efficiency<\/li>\n                    <li class=\"icon-yes\">Commitment<\/li>\n            <\/ul>\n\n\n<\/div>\n<\/div>\n<\/div>\n\n\n        <\/div>\n    <\/div>\n<\/div>\n\n<div id=\"\" class=\"ow_container_section  ptb80 white\">\n    <div class=\"container\">\n        <div class=\"content\">\n            \n\n<div class=\"wp-block-columns round-image-over-side-wrapper is-layout-flex wp-container-core-columns-is-layout-9d6595d7 wp-block-columns-is-layout-flex\">\n<div class=\"wp-block-column is-layout-flow wp-block-column-is-layout-flow\" style=\"flex-basis:50%\">\n<div id=\"\"\n     class=\"round-image-over-side image--round image--side-left \">\n    <img loading=\"lazy\" decoding=\"async\" width=\"640\" height=\"640\" src=\"https:\/\/www.dinos.si\/wp-content\/uploads\/2022\/06\/2022-06-10-14_58_32-03_Fotke-FINAL-ODKUP-Google-Drive.png\" class=\"attachment-round-medium size-round-medium\" alt=\"\" srcset=\"https:\/\/www.dinos.si\/wp-content\/uploads\/2022\/06\/2022-06-10-14_58_32-03_Fotke-FINAL-ODKUP-Google-Drive.png 1119w, https:\/\/www.dinos.si\/wp-content\/uploads\/2022\/06\/2022-06-10-14_58_32-03_Fotke-FINAL-ODKUP-Google-Drive-14x14.png 14w\" sizes=\"auto, (max-width: 640px) 100vw, 640px\" \/><\/div>\n<\/div>\n\n\n\n<div class=\"wp-block-column is-layout-flow wp-block-column-is-layout-flow\" style=\"flex-basis:50%\">\n<h2 class=\"wp-block-heading mb32\">We look to the future<\/h2>\n\n\n\n<p>The transition to a circular economy is an important step for the European Union toward goals that benefit society, the environment, and the economy:<\/p>\n\n\n\n<p>\u25cf to promote sustainable economic growth,<br>\u25cf to create new jobs,<br>\u25cf to preserve valuable and increasingly scarce natural resources,<br>\u25cf to reduce the environmental impact of resource use, and<br>\u25cf to assign new value to waste materials.<\/p>\n\n\n\n<p>Slovenia is around the European average in terms of secondary raw material use. There is much room for improvement, with priority given to increasing recycling rates and thereby reducing waste generation.<\/p>\n\n\n\n<p>One ton of recycled paper saves as many as seventeen mature trees\u2014meaning that with our annual collection drives, we save over 42,500 trees each year. Even more crucial are plastic processing and a rapid transition from fossil fuels to renewable energy sources.<\/p>\n<\/div>\n<\/div>\n\n\n        <\/div>\n    <\/div>\n<\/div>\n\n<div id=\"\" class=\"ow_container_section  ptb80 white\">\n    <div class=\"container\">\n        <div class=\"content\">\n            \n\n<div class=\"wp-block-columns round-image-over-side-wrapper is-layout-flex wp-container-core-columns-is-layout-9d6595d7 wp-block-columns-is-layout-flex\">\n<div class=\"wp-block-column reorder-two is-layout-flow wp-block-column-is-layout-flow\" style=\"flex-basis:50%\">\n<h2 class=\"wp-block-heading mb32\">We act in an environmentally friendly manner<\/h2>\n\n\n\n<p>As we constantly seek new ways to preserve natural resources, our future plans include processes to prevent pollution and environmental harm.<\/p>\n\n\n\n<p>Our employees are the bearers of our mission. Through ongoing awareness-raising, education, and training, we ensure they have all the conditions necessary to achieve our environmental goals. Our management ensures operations are conducted in accordance with all regulations necessary for legal, successful, and environmentally responsible business.<\/p>\n\n\n\n<p>Together, we ensure high-quality and environmentally sustainable operations<\/p>\n\n\n\n<h3 class=\"wp-block-heading\">You can find our Quality Policy at the link below:<\/h3>\n\n\n\n<p id=\"\" class=\"button-dinos-wrapper \">\n    <a class=\"button-dinos \"\n       href=\"https:\/\/www.dinos.si\/wp-content\/uploads\/2022\/09\/Politika-kakovosti.pdf\"\n       target=\"_blank\">Download the Quality Policy<\/a>\n<\/p>\n<\/div>\n\n\n\n<div class=\"wp-block-column reorder-one is-layout-flow wp-block-column-is-layout-flow\" style=\"flex-basis:50%\">\n<div id=\"\"\n     class=\"round-image-over-side image--round image--side-right \">\n    <img loading=\"lazy\" decoding=\"async\" width=\"640\" height=\"640\" src=\"https:\/\/www.dinos.si\/wp-content\/uploads\/2022\/06\/2022-06-10-15_02_37-_K0A0612.jpg-_-Fotografije.png\" class=\"attachment-round-medium size-round-medium\" alt=\"\" srcset=\"https:\/\/www.dinos.si\/wp-content\/uploads\/2022\/06\/2022-06-10-15_02_37-_K0A0612.jpg-_-Fotografije.png 701w, https:\/\/www.dinos.si\/wp-content\/uploads\/2022\/06\/2022-06-10-15_02_37-_K0A0612.jpg-_-Fotografije-14x14.png 14w\" sizes=\"auto, (max-width: 640px) 100vw, 640px\" \/><\/div>\n<\/div>\n<\/div>\n\n\n        <\/div>\n    <\/div>\n<\/div>\n\n<div id=\"\" class=\"ow_container_section  white\">\n    <div class=\"container\">\n        <div class=\"content\">\n            \n<div id=\"\" class=\"ow_container_section  ptb80 white\">\n    <div class=\"container\">\n        <div class=\"content\">\n            \n\n<div class=\"wp-block-columns round-image-over-side-wrapper is-layout-flex wp-container-core-columns-is-layout-9d6595d7 wp-block-columns-is-layout-flex\">\n<div class=\"wp-block-column is-layout-flow wp-block-column-is-layout-flow\" style=\"flex-basis:50%\">\n<div id=\"\"\n     class=\"round-image-over-side image--round image--side-left \">\n    <img loading=\"lazy\" decoding=\"async\" width=\"456\" height=\"640\" src=\"https:\/\/www.dinos.si\/wp-content\/uploads\/2022\/09\/Dinos-certifikat-456x640.png\" class=\"attachment-round-medium size-round-medium\" alt=\"\" srcset=\"https:\/\/www.dinos.si\/wp-content\/uploads\/2022\/09\/Dinos-certifikat-456x640.png 456w, https:\/\/www.dinos.si\/wp-content\/uploads\/2022\/09\/Dinos-certifikat-10x14.png 10w, https:\/\/www.dinos.si\/wp-content\/uploads\/2022\/09\/Dinos-certifikat-321x450.png 321w, https:\/\/www.dinos.si\/wp-content\/uploads\/2022\/09\/Dinos-certifikat-707x992.png 707w, https:\/\/www.dinos.si\/wp-content\/uploads\/2022\/09\/Dinos-certifikat-46x64.png 46w, https:\/\/www.dinos.si\/wp-content\/uploads\/2022\/09\/Dinos-certifikat-142x200.png 142w, https:\/\/www.dinos.si\/wp-content\/uploads\/2022\/09\/Dinos-certifikat-427x600.png 427w, https:\/\/www.dinos.si\/wp-content\/uploads\/2022\/09\/Dinos-certifikat-214x300.png 214w, https:\/\/www.dinos.si\/wp-content\/uploads\/2022\/09\/Dinos-certifikat-137x192.png 137w, https:\/\/www.dinos.si\/wp-content\/uploads\/2022\/09\/Dinos-certifikat-185x260.png 185w, https:\/\/www.dinos.si\/wp-content\/uploads\/2022\/09\/Dinos-certifikat-376x528.png 376w, https:\/\/www.dinos.si\/wp-content\/uploads\/2022\/09\/Dinos-certifikat-154x216.png 154w, https:\/\/www.dinos.si\/wp-content\/uploads\/2022\/09\/Dinos-certifikat-157x220.png 157w, https:\/\/www.dinos.si\/wp-content\/uploads\/2022\/09\/Dinos-certifikat-261x366.png 261w, https:\/\/www.dinos.si\/wp-content\/uploads\/2022\/09\/Dinos-certifikat.png 713w\" sizes=\"auto, (max-width: 456px) 100vw, 456px\" \/><\/div>\n<\/div>\n\n\n\n<div class=\"wp-block-column is-layout-flow wp-block-column-is-layout-flow\" style=\"flex-basis:50%\">\n<h2 class=\"wp-block-heading mb32\">T\u00dcV CERTIFICATE<\/h2>\n\n\n\n<p>This year, we received a certificate from the certification body T\u00dcV S\u00dcD Management Service GmbH for the maintenance of two ISO standards, namely:<\/p>\n\n\n\n<p>\u25cf ISO 9001:2015<br>\u25cf ISO 14001:2015<\/p>\n\n\n\n<p>The audit confirmed that we are the best choice for you. The certificate is valid from 24.09.2022 to 23.09.2025.<\/p>\n\n\n\n<p id=\"\" class=\"button-dinos-wrapper \">\n    <a class=\"button-dinos \"\n       href=\"https:\/\/www.dinos.si\/wp-content\/uploads\/2022\/09\/Dinos-certifikat.png\"\n       target=\"\">Download the Certificate<\/a>\n<\/p>\n<\/div>\n<\/div>\n\n\n        <\/div>\n    <\/div>\n<\/div>\n\n        <\/div>\n    <\/div>\n<\/div>\n\n<div id=\"vision\" class=\"ow_container_section  pt80 pb160 white\">\n    <div class=\"container\">\n        <div class=\"content\">\n            \n<div class=\"dinos-vision gradient-blue\"><h2 class=\"mb32\">Our vision<\/h2><div class=\"dinos-vision__content\"><div class=\"dinos-vision__content__text\"><p>The key goals we strive for are:<\/p>\n<ul>\n<li>to maintain and strengthen our leading position in the market,<\/li>\n<li>to achieve stable annual growth,<\/li>\n<li>to remain a reliable and trustworthy business partner,<\/li>\n<li>to increase automation and flexibility in production while reducing costs,<\/li>\n<li>to establish a lean organizational structure capable of quickly adapting to market changes,<\/li>\n<li>to invest in employee knowledge at all levels,<\/li>\n<li>to implement activities and processes that prevent or reduce harmful environmental impacts.<\/li>\n<\/ul>\n<\/div><div class=\"dinos-vision__content__quote\"><span>&#8220;We aim to remain the leading company in the field of waste collection and processing, using state-of-the-art technologies and working in synergy with all stakeholders to protect the environment and promote sustainable development.&#8221;<\/span><\/div><\/div><\/div>\n\n        <\/div>\n    <\/div>\n<\/div>","protected":false},"excerpt":{"rendered":"","protected":false},"author":12,"featured_media":0,"parent":7378,"menu_order":2,"comment_status":"closed","ping_status":"closed","template":"","meta":{"_acf_changed":false,"footnotes":""},"class_list":["post-7383","page","type-page","status-publish","hentry"],"acf":[],"yoast_head":"<!-- This site is optimized with the Yoast SEO plugin v25.9 - https:\/\/yoast.com\/wordpress\/plugins\/seo\/ -->\n<title>Our Vision \/ Mission - Dinos<\/title>\n<meta name=\"description\" content=\"Z ve\u010d kot 75-letno tradicijo v recikliranju Dinos uresni\u010duje svojo vizijo trajnostne prihodnosti in kro\u017enega gospodarstva. Odkrijte na\u0161e poslanstvo.\" \/>\n<meta name=\"robots\" content=\"index, follow, max-snippet:-1, max-image-preview:large, max-video-preview:-1\" \/>\n<link rel=\"canonical\" href=\"https:\/\/www.dinos.si\/en\/about-us\/our-vision-mission\/\" \/>\n<meta property=\"og:locale\" content=\"en_US\" \/>\n<meta property=\"og:type\" content=\"article\" \/>\n<meta property=\"og:title\" content=\"Our Vision \/ Mission - Dinos\" \/>\n<meta property=\"og:description\" content=\"Z ve\u010d kot 75-letno tradicijo v recikliranju Dinos uresni\u010duje svojo vizijo trajnostne prihodnosti in kro\u017enega gospodarstva. Odkrijte na\u0161e poslanstvo.\" \/>\n<meta property=\"og:url\" content=\"https:\/\/www.dinos.si\/en\/about-us\/our-vision-mission\/\" \/>\n<meta property=\"og:site_name\" content=\"Dinos\" \/>\n<meta property=\"article:modified_time\" content=\"2025-05-23T07:09:14+00:00\" \/>\n<meta property=\"og:image\" content=\"https:\/\/www.dinos.si\/wp-content\/uploads\/2022\/07\/preview-1-2-1.jpg\" \/>\n\t<meta property=\"og:image:width\" content=\"1200\" \/>\n\t<meta property=\"og:image:height\" content=\"630\" \/>\n\t<meta property=\"og:image:type\" content=\"image\/jpeg\" \/>\n<meta name=\"twitter:card\" content=\"summary_large_image\" \/>\n<meta name=\"twitter:label1\" content=\"Est. reading time\" \/>\n\t<meta name=\"twitter:data1\" content=\"2 minutes\" \/>\n<script type=\"application\/ld+json\" class=\"yoast-schema-graph\">{\"@context\":\"https:\/\/schema.org\",\"@graph\":[{\"@type\":\"WebPage\",\"@id\":\"https:\/\/www.dinos.si\/en\/about-us\/our-vision-mission\/\",\"url\":\"https:\/\/www.dinos.si\/en\/about-us\/our-vision-mission\/\",\"name\":\"Our Vision \/ Mission - Dinos\",\"isPartOf\":{\"@id\":\"https:\/\/www.dinos.si\/en\/#website\"},\"datePublished\":\"2022-02-28T08:52:14+00:00\",\"dateModified\":\"2025-05-23T07:09:14+00:00\",\"description\":\"Z ve\u010d kot 75-letno tradicijo v recikliranju Dinos uresni\u010duje svojo vizijo trajnostne prihodnosti in kro\u017enega gospodarstva. Odkrijte na\u0161e poslanstvo.\",\"breadcrumb\":{\"@id\":\"https:\/\/www.dinos.si\/en\/about-us\/our-vision-mission\/#breadcrumb\"},\"inLanguage\":\"en-US\",\"potentialAction\":[{\"@type\":\"ReadAction\",\"target\":[\"https:\/\/www.dinos.si\/en\/about-us\/our-vision-mission\/\"]}]},{\"@type\":\"BreadcrumbList\",\"@id\":\"https:\/\/www.dinos.si\/en\/about-us\/our-vision-mission\/#breadcrumb\",\"itemListElement\":[{\"@type\":\"ListItem\",\"position\":1,\"name\":\"Home\",\"item\":\"https:\/\/www.dinos.si\/en\/\"},{\"@type\":\"ListItem\",\"position\":2,\"name\":\"About Us\",\"item\":\"https:\/\/www.dinos.si\/en\/about-us\/\"},{\"@type\":\"ListItem\",\"position\":3,\"name\":\"Our Vision \/ Mission\"}]},{\"@type\":\"WebSite\",\"@id\":\"https:\/\/www.dinos.si\/en\/#website\",\"url\":\"https:\/\/www.dinos.si\/en\/\",\"name\":\"Dinos\",\"description\":\"Odpadkom dajemo novo \u017eivljenje\",\"potentialAction\":[{\"@type\":\"SearchAction\",\"target\":{\"@type\":\"EntryPoint\",\"urlTemplate\":\"https:\/\/www.dinos.si\/en\/?s={search_term_string}\"},\"query-input\":{\"@type\":\"PropertyValueSpecification\",\"valueRequired\":true,\"valueName\":\"search_term_string\"}}],\"inLanguage\":\"en-US\"}]}<\/script>\n<!-- \/ Yoast SEO plugin. -->","yoast_head_json":{"title":"Our Vision \/ Mission - Dinos","description":"Z ve\u010d kot 75-letno tradicijo v recikliranju Dinos uresni\u010duje svojo vizijo trajnostne prihodnosti in kro\u017enega gospodarstva. Odkrijte na\u0161e poslanstvo.","robots":{"index":"index","follow":"follow","max-snippet":"max-snippet:-1","max-image-preview":"max-image-preview:large","max-video-preview":"max-video-preview:-1"},"canonical":"https:\/\/www.dinos.si\/en\/about-us\/our-vision-mission\/","og_locale":"en_US","og_type":"article","og_title":"Our Vision \/ Mission - Dinos","og_description":"Z ve\u010d kot 75-letno tradicijo v recikliranju Dinos uresni\u010duje svojo vizijo trajnostne prihodnosti in kro\u017enega gospodarstva. Odkrijte na\u0161e poslanstvo.","og_url":"https:\/\/www.dinos.si\/en\/about-us\/our-vision-mission\/","og_site_name":"Dinos","article_modified_time":"2025-05-23T07:09:14+00:00","og_image":[{"width":1200,"height":630,"url":"https:\/\/www.dinos.si\/wp-content\/uploads\/2022\/07\/preview-1-2-1.jpg","type":"image\/jpeg"}],"twitter_card":"summary_large_image","twitter_misc":{"Est. reading time":"2 minutes"},"schema":{"@context":"https:\/\/schema.org","@graph":[{"@type":"WebPage","@id":"https:\/\/www.dinos.si\/en\/about-us\/our-vision-mission\/","url":"https:\/\/www.dinos.si\/en\/about-us\/our-vision-mission\/","name":"Our Vision \/ Mission - Dinos","isPartOf":{"@id":"https:\/\/www.dinos.si\/en\/#website"},"datePublished":"2022-02-28T08:52:14+00:00","dateModified":"2025-05-23T07:09:14+00:00","description":"Z ve\u010d kot 75-letno tradicijo v recikliranju Dinos uresni\u010duje svojo vizijo trajnostne prihodnosti in kro\u017enega gospodarstva. Odkrijte na\u0161e poslanstvo.","breadcrumb":{"@id":"https:\/\/www.dinos.si\/en\/about-us\/our-vision-mission\/#breadcrumb"},"inLanguage":"en-US","potentialAction":[{"@type":"ReadAction","target":["https:\/\/www.dinos.si\/en\/about-us\/our-vision-mission\/"]}]},{"@type":"BreadcrumbList","@id":"https:\/\/www.dinos.si\/en\/about-us\/our-vision-mission\/#breadcrumb","itemListElement":[{"@type":"ListItem","position":1,"name":"Home","item":"https:\/\/www.dinos.si\/en\/"},{"@type":"ListItem","position":2,"name":"About Us","item":"https:\/\/www.dinos.si\/en\/about-us\/"},{"@type":"ListItem","position":3,"name":"Our Vision \/ Mission"}]},{"@type":"WebSite","@id":"https:\/\/www.dinos.si\/en\/#website","url":"https:\/\/www.dinos.si\/en\/","name":"Dinos","description":"Odpadkom dajemo novo \u017eivljenje","potentialAction":[{"@type":"SearchAction","target":{"@type":"EntryPoint","urlTemplate":"https:\/\/www.dinos.si\/en\/?s={search_term_string}"},"query-input":{"@type":"PropertyValueSpecification","valueRequired":true,"valueName":"search_term_string"}}],"inLanguage":"en-US"}]}},"_links":{"self":[{"href":"https:\/\/www.dinos.si\/en\/wp-json\/wp\/v2\/pages\/7383","targetHints":{"allow":["GET"]}}],"collection":[{"href":"https:\/\/www.dinos.si\/en\/wp-json\/wp\/v2\/pages"}],"about":[{"href":"https:\/\/www.dinos.si\/en\/wp-json\/wp\/v2\/types\/page"}],"author":[{"embeddable":true,"href":"https:\/\/www.dinos.si\/en\/wp-json\/wp\/v2\/users\/12"}],"replies":[{"embeddable":true,"href":"https:\/\/www.dinos.si\/en\/wp-json\/wp\/v2\/comments?post=7383"}],"version-history":[{"count":3,"href":"https:\/\/www.dinos.si\/en\/wp-json\/wp\/v2\/pages\/7383\/revisions"}],"predecessor-version":[{"id":7637,"href":"https:\/\/www.dinos.si\/en\/wp-json\/wp\/v2\/pages\/7383\/revisions\/7637"}],"up":[{"embeddable":true,"href":"https:\/\/www.dinos.si\/en\/wp-json\/wp\/v2\/pages\/7378"}],"wp:attachment":[{"href":"https:\/\/www.dinos.si\/en\/wp-json\/wp\/v2\/media?parent=7383"}],"curies":[{"name":"wp","href":"https:\/\/api.w.org\/{rel}","templated":true}]}}