{"id":7218,"date":"2022-03-11T13:24:30","date_gmt":"2022-03-11T12:24:30","guid":{"rendered":"https:\/\/www.dinos.si\/odvoz-materialov\/"},"modified":"2025-05-22T06:19:48","modified_gmt":"2025-05-22T04:19:48","slug":"waste-material-collection","status":"publish","type":"page","link":"https:\/\/www.dinos.si\/en\/waste-material-collection\/","title":{"rendered":"Waste Material Collection"},"content":{"rendered":"<div id=\"\" class=\"ow_container_section  pt48 pb160 white\">\n    <div class=\"container\">\n        <div class=\"content\">\n            \n\n<h1 class=\"wp-block-heading has-text-align-center mb32\">Dispose of accumulated waste<\/h1>\n\n\n\n<p class=\"has-text-align-center weight-600 mb64\">Let us take care of your waste materials \u2013 wherever you are.<\/p>\n\n\n\n<div class=\"wp-block-columns flex-line--stretch is-layout-flex wp-container-core-columns-is-layout-9d6595d7 wp-block-columns-is-layout-flex\">\n<div class=\"wp-block-column mbp16 is-layout-flow wp-block-column-is-layout-flow\">\n<div id=\"\" class=\"cube  cube--stretch cube--blue-border\">\n    \n\n<p class=\"weight-600 uppercase mb8\">Za nove stranke<\/p>\n\n\n\n<h2 class=\"undefined mb24 wp-block-heading\">Poi\u0161\u010dite pravo re\u0161itev zase<\/h2>\n\n\n\n<p class=\"undefined mb40\">S \u0161iroko paleto storitev, ki jih nudimo, se trudimo skrb za okolje pribli\u017eati vsakomur. Pri tem vam zagotavljamo vso potrebno podporo, osnovano na ve\u010d kot 75-letnih izku\u0161njah.<\/p>\n\n\n\n<p class=\"button-dinos-over button-dinos-over--full-width mb0\"><a href=\"https:\/\/www.dinos.si\/storitve\/\" data-type=\"page\" data-id=\"24\">Preglejte vse storitve<\/a><\/p>\n\n\n<\/div>\n<\/div>\n\n\n\n<div class=\"wp-block-column is-layout-flow wp-block-column-is-layout-flow\">\n<div id=\"\" class=\"cube  cube--stretch cube--blue\">\n    \n\n<p class=\"weight-600 uppercase mb8\">Za redne stranke<\/p>\n\n\n\n<h2 class=\"undefined mb24 wp-block-heading\">Naro\u010dite odvoz po spletu<\/h2>\n\n\n\n<p class=\"undefined mt0 mb40\">Kot pravna oseba lahko na tem mestu dostopate do na\u0161e spletne aplikacije za naro\u010danje odvozov. Za prijavo v sistem potrebujete uporabni\u0161ko ime in geslo, ki ste ju \u017ee prejeli.<\/p>\n\n\n\n<p class=\"button-dinos-over button-dinos-over--full-width button-dinos-over--white mb0\"><a href=\"https:\/\/dinos.trak8.com\/Narocilo\/V3\/app-partners\/dinos\/webOrder\/login\/LoginPage.html\">Prijavite se<\/a><\/p>\n\n\n<\/div>\n<\/div>\n<\/div>\n\n\n        <\/div>\n    <\/div>\n<\/div>\n\n<div id=\"\" class=\"ow_container_section  ptb24 gradient-blue\">\n    <div class=\"container\">\n        <div class=\"content\">\n            \n\n<div class=\"wp-block-columns mt0 mb0 is-layout-flex wp-container-core-columns-is-layout-9d6595d7 wp-block-columns-is-layout-flex\">\n<div class=\"wp-block-column is-layout-flow wp-block-column-is-layout-flow\" style=\"flex-basis:78%\">\n<h2 class=\"wp-block-heading\">Don\u2019t need pickup and prefer to drop off your waste materials yourself? Visit us at the nearest location.<\/h2>\n<\/div>\n\n\n\n<div class=\"wp-block-column mt16 is-layout-flow wp-block-column-is-layout-flow\" style=\"flex-basis:22%\">\n<p id=\"\" class=\"button-dinos-wrapper  mt16\">\n    <a class=\"button-dinos button-dinos--white \"\n       href=\"https:\/\/www.dinos.si\/lokacija\/\"\n       target=\"\">VIEW ALL LOCATIONS<\/a>\n<\/p>\n<\/div>\n<\/div>\n\n\n        <\/div>\n    <\/div>\n<\/div>\n\n<div id=\"\" class=\"ow_container_section  ptb160 white\">\n    <div class=\"container\">\n        <div class=\"content\">\n            \n\n<h2 class=\"wp-block-heading has-text-align-center mb32\">What do our partners say?<\/h2>\n\n\n\n<p class=\"has-text-align-center mb64\">See what they\u2019ve said about working with us<\/p>\n\n\n<div class=\"testimonials cards \"><div class=\"cards__single\"><p class=\"mb16\">Dinos se je skozi leta sodelovanja izkazal za zelo korektnega poslovnega partnerja. Celoten kolektiv je odziven, strokoven in pripravljen pomagati. Posebej bi pohvalili usposobljene \u0161oferje, ki vsak odvoz opravijo hitro in strokovno.<\/p><p class=\"weight-700 mb0\">Suzana Vu\u010deti\u0107<\/p><p class=\"mb0\">Avtoende, s. p.<\/p><\/div><div class=\"cards__single\"><p class=\"mb16\">Z Dinosom sodelujemo \u017ee ve\u010d let in imamo zelo dober odnos. Ker smo sorazmerno mlado podjetje, nam njihova strokovna ekipa nudi vso podporo, ki jo potrebujemo. Pomagajo nam denimo pri novi zakonodaji, ki se spreminja tako reko\u010d iz dneva v dan. Pohvalimo jih lahko tudi pri odkupu odpadnih materialov, saj so dale\u010d pred konkurenco. Veselimo se nadaljnjega sodelovanja.<\/p><p class=\"weight-700 mb0\">David Berdelak<\/p><p class=\"mb0\">Ledinek Engineering, d. o. o.<\/p><\/div><div class=\"cards__single\"><p class=\"mb16\">Z Dinosom kot zanesljivim partnerjem sodelujemo \u017ee vrsto let. Njihovi najve\u010dji prednosti sta bli\u017eina lokacije in fleksibilnost pri zadovoljevanju na\u0161ih potreb na podro\u010dju odpadkov. S svojo strokovnostjo in dolgoletnimi izku\u0161njami so vedno pripravljeni pomagati pri iskanju re\u0161itev \u2013 tako vsakodnevnih kot dolgoro\u010dnej\u0161ih \u2013 in izpolnjevanju zakonodajnih obveznosti.<\/p><p class=\"weight-700 mb0\">Darko Gregor\u010di\u010d<\/p><p class=\"mb0\">Mersteel SSC, d. o. o.<\/p><\/div><div class=\"cards__single\"><p class=\"mb16\">Z Dinosom sodelujemo \u017ee vrsto let. Skupaj uspe\u0161no premagujemo vsakodnevne izzive, na dalj\u0161i rok pa uspe\u0161no uresni\u010dujemo poslovno strategijo, pomemben del katere je ravnanje z odpadki. A\u017eurnost, doslednost in urejena dokumentacija so klju\u010dne sestavine obvladovanja ravnanja z odpadki in ravno to nam omogo\u010da sodelovanje z Dinosom.<\/p><p class=\"weight-700 mb0\">Bojan Kos<\/p><p class=\"mb0\">EGP, d. o. o.<\/p><\/div><div class=\"cards__single\"><p class=\"mb16\">Dinos je na\u0161 stalen in zanesljiv partner na podro\u010dju odvoza odpadnih materialov. S pozitivnim pristopom in prilagodljivostjo nam omogo\u010da re\u0161evanje tudi nepredvidenih situacij.<\/p><p class=\"weight-700 mb0\">Franci Bi\u010dek<\/p><p class=\"mb0\">Donit Tesnit, d. o. o.<\/p><\/div><div class=\"cards__single\"><p class=\"mb16\">Sodelovanje z Dinosovo ekipo lahko opi\u0161emo le z besedo \u00bbizvrstno\u00ab. Vedno se najde re\u0161itev za izzive, ki se pojavljajo dan za dnem. Tudi odzivnost je na visokem nivoju.<\/p><p class=\"weight-700 mb0\">Miki Marton<\/p><p class=\"mb0\">Martmetal, d. o. o.<\/p><\/div><\/div>\n\n        <\/div>\n    <\/div>\n<\/div>\n\n<div id=\"\" class=\"ow_container_section  pt0 pb120 white\">\n    <div class=\"container\">\n        <div class=\"content\">\n            \n<div class=\"dinos-vision gradient-blue\"><h2 class=\"mb32\">Our vision<\/h2><div class=\"dinos-vision__content\"><div class=\"dinos-vision__content__text\"><p>The key goals we strive for are:<\/p>\n<ul>\n<li>to maintain and strengthen our leading position in the market,<\/li>\n<li>to achieve stable annual growth,<\/li>\n<li>to remain a reliable and trustworthy business partner,<\/li>\n<li>to increase automation and flexibility in production while reducing costs,<\/li>\n<li>to establish a lean organizational structure capable of quickly adapting to market changes,<\/li>\n<li>to invest in employee knowledge at all levels,<\/li>\n<li>to implement activities and processes that prevent or reduce harmful environmental impacts.<\/li>\n<\/ul>\n<\/div><div class=\"dinos-vision__content__quote\"><span>&#8220;We aim to remain the leading company in the field of waste collection and processing, using state-of-the-art technologies and working in synergy with all stakeholders to protect the environment and promote sustainable development.&#8221;<\/span><\/div><\/div><\/div>\n\n        <\/div>\n    <\/div>\n<\/div>","protected":false},"excerpt":{"rendered":"","protected":false},"author":4,"featured_media":0,"parent":0,"menu_order":0,"comment_status":"closed","ping_status":"closed","template":"","meta":{"_acf_changed":false,"footnotes":""},"class_list":["post-7218","page","type-page","status-publish","hentry"],"acf":[],"yoast_head":"<!-- This site is optimized with the Yoast SEO plugin v25.9 - https:\/\/yoast.com\/wordpress\/plugins\/seo\/ -->\n<title>Waste Material Collection - Dinos<\/title>\n<meta name=\"description\" content=\"Se tudi vam kopi\u010di odpadni material? Brez skrbi, Dinos poskrbi za vse! Redne stranke lahko pri nas kar preko spletne aplikacije naro\u010dijo odvoz odpadkov.\" \/>\n<meta name=\"robots\" content=\"index, follow, max-snippet:-1, max-image-preview:large, max-video-preview:-1\" \/>\n<link rel=\"canonical\" href=\"https:\/\/www.dinos.si\/en\/waste-material-collection\/\" \/>\n<meta property=\"og:locale\" content=\"en_US\" \/>\n<meta property=\"og:type\" content=\"article\" \/>\n<meta property=\"og:title\" content=\"Waste Material Collection - Dinos\" \/>\n<meta property=\"og:description\" content=\"Se tudi vam kopi\u010di odpadni material? Brez skrbi, Dinos poskrbi za vse! Redne stranke lahko pri nas kar preko spletne aplikacije naro\u010dijo odvoz odpadkov.\" \/>\n<meta property=\"og:url\" content=\"https:\/\/www.dinos.si\/en\/waste-material-collection\/\" \/>\n<meta property=\"og:site_name\" content=\"Dinos\" \/>\n<meta property=\"article:modified_time\" content=\"2025-05-22T04:19:48+00:00\" \/>\n<meta property=\"og:image\" content=\"https:\/\/www.dinos.si\/wp-content\/uploads\/2022\/07\/preview-1-2-1.jpg\" \/>\n\t<meta property=\"og:image:width\" content=\"1200\" \/>\n\t<meta property=\"og:image:height\" content=\"630\" \/>\n\t<meta property=\"og:image:type\" content=\"image\/jpeg\" \/>\n<meta name=\"twitter:card\" content=\"summary_large_image\" \/>\n<meta name=\"twitter:label1\" content=\"Est. reading time\" \/>\n\t<meta name=\"twitter:data1\" content=\"1 minute\" \/>\n<script type=\"application\/ld+json\" class=\"yoast-schema-graph\">{\"@context\":\"https:\/\/schema.org\",\"@graph\":[{\"@type\":\"WebPage\",\"@id\":\"https:\/\/www.dinos.si\/en\/waste-material-collection\/\",\"url\":\"https:\/\/www.dinos.si\/en\/waste-material-collection\/\",\"name\":\"Waste Material Collection - Dinos\",\"isPartOf\":{\"@id\":\"https:\/\/www.dinos.si\/en\/#website\"},\"datePublished\":\"2022-03-11T12:24:30+00:00\",\"dateModified\":\"2025-05-22T04:19:48+00:00\",\"description\":\"Se tudi vam kopi\u010di odpadni material? Brez skrbi, Dinos poskrbi za vse! Redne stranke lahko pri nas kar preko spletne aplikacije naro\u010dijo odvoz odpadkov.\",\"breadcrumb\":{\"@id\":\"https:\/\/www.dinos.si\/en\/waste-material-collection\/#breadcrumb\"},\"inLanguage\":\"en-US\",\"potentialAction\":[{\"@type\":\"ReadAction\",\"target\":[\"https:\/\/www.dinos.si\/en\/waste-material-collection\/\"]}]},{\"@type\":\"BreadcrumbList\",\"@id\":\"https:\/\/www.dinos.si\/en\/waste-material-collection\/#breadcrumb\",\"itemListElement\":[{\"@type\":\"ListItem\",\"position\":1,\"name\":\"Home\",\"item\":\"https:\/\/www.dinos.si\/en\/\"},{\"@type\":\"ListItem\",\"position\":2,\"name\":\"Waste Material Collection\"}]},{\"@type\":\"WebSite\",\"@id\":\"https:\/\/www.dinos.si\/en\/#website\",\"url\":\"https:\/\/www.dinos.si\/en\/\",\"name\":\"Dinos\",\"description\":\"Odpadkom dajemo novo \u017eivljenje\",\"potentialAction\":[{\"@type\":\"SearchAction\",\"target\":{\"@type\":\"EntryPoint\",\"urlTemplate\":\"https:\/\/www.dinos.si\/en\/?s={search_term_string}\"},\"query-input\":{\"@type\":\"PropertyValueSpecification\",\"valueRequired\":true,\"valueName\":\"search_term_string\"}}],\"inLanguage\":\"en-US\"}]}<\/script>\n<!-- \/ Yoast SEO plugin. -->","yoast_head_json":{"title":"Waste Material Collection - Dinos","description":"Se tudi vam kopi\u010di odpadni material? Brez skrbi, Dinos poskrbi za vse! Redne stranke lahko pri nas kar preko spletne aplikacije naro\u010dijo odvoz odpadkov.","robots":{"index":"index","follow":"follow","max-snippet":"max-snippet:-1","max-image-preview":"max-image-preview:large","max-video-preview":"max-video-preview:-1"},"canonical":"https:\/\/www.dinos.si\/en\/waste-material-collection\/","og_locale":"en_US","og_type":"article","og_title":"Waste Material Collection - Dinos","og_description":"Se tudi vam kopi\u010di odpadni material? Brez skrbi, Dinos poskrbi za vse! Redne stranke lahko pri nas kar preko spletne aplikacije naro\u010dijo odvoz odpadkov.","og_url":"https:\/\/www.dinos.si\/en\/waste-material-collection\/","og_site_name":"Dinos","article_modified_time":"2025-05-22T04:19:48+00:00","og_image":[{"width":1200,"height":630,"url":"https:\/\/www.dinos.si\/wp-content\/uploads\/2022\/07\/preview-1-2-1.jpg","type":"image\/jpeg"}],"twitter_card":"summary_large_image","twitter_misc":{"Est. reading time":"1 minute"},"schema":{"@context":"https:\/\/schema.org","@graph":[{"@type":"WebPage","@id":"https:\/\/www.dinos.si\/en\/waste-material-collection\/","url":"https:\/\/www.dinos.si\/en\/waste-material-collection\/","name":"Waste Material Collection - Dinos","isPartOf":{"@id":"https:\/\/www.dinos.si\/en\/#website"},"datePublished":"2022-03-11T12:24:30+00:00","dateModified":"2025-05-22T04:19:48+00:00","description":"Se tudi vam kopi\u010di odpadni material? Brez skrbi, Dinos poskrbi za vse! Redne stranke lahko pri nas kar preko spletne aplikacije naro\u010dijo odvoz odpadkov.","breadcrumb":{"@id":"https:\/\/www.dinos.si\/en\/waste-material-collection\/#breadcrumb"},"inLanguage":"en-US","potentialAction":[{"@type":"ReadAction","target":["https:\/\/www.dinos.si\/en\/waste-material-collection\/"]}]},{"@type":"BreadcrumbList","@id":"https:\/\/www.dinos.si\/en\/waste-material-collection\/#breadcrumb","itemListElement":[{"@type":"ListItem","position":1,"name":"Home","item":"https:\/\/www.dinos.si\/en\/"},{"@type":"ListItem","position":2,"name":"Waste Material Collection"}]},{"@type":"WebSite","@id":"https:\/\/www.dinos.si\/en\/#website","url":"https:\/\/www.dinos.si\/en\/","name":"Dinos","description":"Odpadkom dajemo novo \u017eivljenje","potentialAction":[{"@type":"SearchAction","target":{"@type":"EntryPoint","urlTemplate":"https:\/\/www.dinos.si\/en\/?s={search_term_string}"},"query-input":{"@type":"PropertyValueSpecification","valueRequired":true,"valueName":"search_term_string"}}],"inLanguage":"en-US"}]}},"_links":{"self":[{"href":"https:\/\/www.dinos.si\/en\/wp-json\/wp\/v2\/pages\/7218","targetHints":{"allow":["GET"]}}],"collection":[{"href":"https:\/\/www.dinos.si\/en\/wp-json\/wp\/v2\/pages"}],"about":[{"href":"https:\/\/www.dinos.si\/en\/wp-json\/wp\/v2\/types\/page"}],"author":[{"embeddable":true,"href":"https:\/\/www.dinos.si\/en\/wp-json\/wp\/v2\/users\/4"}],"replies":[{"embeddable":true,"href":"https:\/\/www.dinos.si\/en\/wp-json\/wp\/v2\/comments?post=7218"}],"version-history":[{"count":4,"href":"https:\/\/www.dinos.si\/en\/wp-json\/wp\/v2\/pages\/7218\/revisions"}],"predecessor-version":[{"id":7294,"href":"https:\/\/www.dinos.si\/en\/wp-json\/wp\/v2\/pages\/7218\/revisions\/7294"}],"wp:attachment":[{"href":"https:\/\/www.dinos.si\/en\/wp-json\/wp\/v2\/media?parent=7218"}],"curies":[{"name":"wp","href":"https:\/\/api.w.org\/{rel}","templated":true}]}}